{"id":8914,"date":"2023-08-31T08:19:08","date_gmt":"2023-08-31T08:19:08","guid":{"rendered":"https:\/\/www.vestaconsulting.lt\/teenused\/jatkusuutlikud-tooted\/"},"modified":"2023-11-28T07:25:16","modified_gmt":"2023-11-28T07:25:16","slug":"jatkusuutlikud-tooted","status":"publish","type":"page","link":"https:\/\/www.vestaconsulting.lt\/et\/teenused\/jatkusuutlikud-tooted\/","title":{"rendered":"J\u00e4tkusuutlikud tooted"},"content":{"rendered":"\t\t<div data-elementor-type=\"wp-page\" data-elementor-id=\"8914\" class=\"elementor elementor-8914 elementor-4626\" data-elementor-post-type=\"page\">\n\t\t\t\t<div class=\"elementor-element elementor-element-9e0a654 e-con-full vesta-top-banner vesta-top-banner-2 e-flex e-con e-parent\" data-id=\"9e0a654\" data-element_type=\"container\" data-settings=\"{&quot;background_background&quot;:&quot;classic&quot;}\">\n\t\t<div class=\"elementor-element elementor-element-f35a7bf e-flex e-con-boxed e-con e-parent\" data-id=\"f35a7bf\" data-element_type=\"container\" data-settings=\"{&quot;background_background&quot;:&quot;classic&quot;,&quot;background_motion_fx_motion_fx_mouse&quot;:&quot;yes&quot;}\">\n\t\t\t\t\t<div class=\"e-con-inner\">\n\t\t\t\t<div class=\"elementor-element elementor-element-48ff464 vesta-breadcrumb elementor-widget elementor-widget-shortcode\" data-id=\"48ff464\" data-element_type=\"widget\" data-widget_type=\"shortcode.default\">\n\t\t\t\t<div class=\"elementor-widget-container\">\n\t\t\t\t\t<div class=\"elementor-shortcode\">\n          <div class=\"site-breadcrumb\"><ul><li class=\"breadcrumb-item\"><a href=\"https:\/\/www.vestaconsulting.lt\/et\/\"><i class=\"icon-house\"><\/i><\/a><\/li><\/ul><\/div>\n        <\/div>\n\t\t\t\t<\/div>\n\t\t\t\t<\/div>\n\t\t<div class=\"elementor-element elementor-element-1e23ff9 e-con-full e-flex e-con e-parent\" data-id=\"1e23ff9\" data-element_type=\"container\" data-settings=\"{&quot;position&quot;:&quot;absolute&quot;}\">\n\t\t\t\t<\/div>\n\t\t\t\t\t<\/div>\n\t\t\t\t<\/div>\n\t\t\t\t<\/div>\n\t\t<div class=\"elementor-element elementor-element-100d5f3 e-con-full vesta-service-block e-flex e-con e-parent\" data-id=\"100d5f3\" data-element_type=\"container\">\n\t\t<div class=\"elementor-element elementor-element-58df48d e-flex e-con-boxed e-con e-parent\" data-id=\"58df48d\" data-element_type=\"container\">\n\t\t\t\t\t<div class=\"e-con-inner\">\n\t\t<div class=\"elementor-element elementor-element-aefdafc e-con-full e-flex e-con e-parent\" data-id=\"aefdafc\" data-element_type=\"container\">\n\t\t<a class=\"elementor-element elementor-element-5e33ff5 e-con-full service-group-containers e-flex e-con e-parent\" data-id=\"5e33ff5\" data-element_type=\"container\" href=\"https:\/\/www.vestaconsulting.lt\/en\/services\/sustainable-products\/epd-environmental-product-declaration\/\">\n\t\t\t\t<div class=\"elementor-element elementor-element-eb37af0 elementor-widget elementor-widget-heading\" data-id=\"eb37af0\" data-element_type=\"widget\" data-widget_type=\"heading.default\">\n\t\t\t\t<div class=\"elementor-widget-container\">\n\t\t\t<style>\/*! elementor - v3.21.0 - 22-05-2024 *\/\n.elementor-heading-title{padding:0;margin:0;line-height:1}.elementor-widget-heading .elementor-heading-title[class*=elementor-size-]>a{color:inherit;font-size:inherit;line-height:inherit}.elementor-widget-heading .elementor-heading-title.elementor-size-small{font-size:15px}.elementor-widget-heading .elementor-heading-title.elementor-size-medium{font-size:19px}.elementor-widget-heading .elementor-heading-title.elementor-size-large{font-size:29px}.elementor-widget-heading .elementor-heading-title.elementor-size-xl{font-size:39px}.elementor-widget-heading .elementor-heading-title.elementor-size-xxl{font-size:59px}<\/style><h1 class=\"elementor-heading-title elementor-size-default\">EPD | Toote keskkonnadeklaratsioon<\/h1>\t\t<\/div>\n\t\t\t\t<\/div>\n\t\t<div class=\"elementor-element elementor-element-1643beb e-flex e-con-boxed e-con e-parent\" data-id=\"1643beb\" data-element_type=\"container\" data-settings=\"{&quot;position&quot;:&quot;absolute&quot;}\">\n\t\t\t\t\t<div class=\"e-con-inner\">\n\t\t<div class=\"elementor-element elementor-element-d39d308 e-con-full testing-container-vesta e-flex e-con e-parent\" data-id=\"d39d308\" data-element_type=\"container\">\n\t\t\t\t<div class=\"elementor-element elementor-element-d55b2fd elementor-widget elementor-widget-text-editor\" data-id=\"d55b2fd\" data-element_type=\"widget\" data-widget_type=\"text-editor.default\">\n\t\t\t\t<div class=\"elementor-widget-container\">\n\t\t\t<style>\/*! elementor - v3.21.0 - 22-05-2024 *\/\n.elementor-widget-text-editor.elementor-drop-cap-view-stacked .elementor-drop-cap{background-color:#69727d;color:#fff}.elementor-widget-text-editor.elementor-drop-cap-view-framed .elementor-drop-cap{color:#69727d;border:3px solid;background-color:transparent}.elementor-widget-text-editor:not(.elementor-drop-cap-view-default) .elementor-drop-cap{margin-top:8px}.elementor-widget-text-editor:not(.elementor-drop-cap-view-default) .elementor-drop-cap-letter{width:1em;height:1em}.elementor-widget-text-editor .elementor-drop-cap{float:left;text-align:center;line-height:1;font-size:50px}.elementor-widget-text-editor .elementor-drop-cap-letter{display:inline-block}<\/style>\t\t\t\t<span>ROHKEM TEAVET<\/span>\t\t\t\t\t\t<\/div>\n\t\t\t\t<\/div>\n\t\t\t\t<div class=\"elementor-element elementor-element-349ee66 elementor-view-default elementor-widget elementor-widget-icon\" data-id=\"349ee66\" data-element_type=\"widget\" data-widget_type=\"icon.default\">\n\t\t\t\t<div class=\"elementor-widget-container\">\n\t\t\t\t\t<div class=\"elementor-icon-wrapper\">\n\t\t\t<div class=\"elementor-icon\">\n\t\t\t<i aria-hidden=\"true\" class=\"iconnew-vesta icon-new-vestaarrow-long-right\"><\/i>\t\t\t<\/div>\n\t\t<\/div>\n\t\t\t\t<\/div>\n\t\t\t\t<\/div>\n\t\t\t\t<\/div>\n\t\t\t\t\t<\/div>\n\t\t\t\t<\/div>\n\t\t\t\t<\/a>\n\t\t<a class=\"elementor-element elementor-element-e227be0 e-con-full service-group-containers e-flex e-con e-parent\" data-id=\"e227be0\" data-element_type=\"container\" href=\"https:\/\/www.vestaconsulting.lt\/en\/services\/sustainable-products\/life-cycle-assessment-for-products\/\">\n\t\t\t\t<div class=\"elementor-element elementor-element-f971e9b elementor-widget elementor-widget-heading\" data-id=\"f971e9b\" data-element_type=\"widget\" data-widget_type=\"heading.default\">\n\t\t\t\t<div class=\"elementor-widget-container\">\n\t\t\t<h1 class=\"elementor-heading-title elementor-size-default\">Toodete olelusringi hindamine<\/h1>\t\t<\/div>\n\t\t\t\t<\/div>\n\t\t<div class=\"elementor-element elementor-element-c7c4c65 e-flex e-con-boxed e-con e-parent\" data-id=\"c7c4c65\" data-element_type=\"container\" data-settings=\"{&quot;position&quot;:&quot;absolute&quot;}\">\n\t\t\t\t\t<div class=\"e-con-inner\">\n\t\t<div class=\"elementor-element elementor-element-69257aa e-con-full testing-container-vesta e-flex e-con e-parent\" data-id=\"69257aa\" data-element_type=\"container\">\n\t\t\t\t<div class=\"elementor-element elementor-element-e9fa34f elementor-widget elementor-widget-text-editor\" data-id=\"e9fa34f\" data-element_type=\"widget\" data-widget_type=\"text-editor.default\">\n\t\t\t\t<div class=\"elementor-widget-container\">\n\t\t\t\t\t\t\t<span>ROHKEM TEAVET<\/span>\t\t\t\t\t\t<\/div>\n\t\t\t\t<\/div>\n\t\t\t\t<div class=\"elementor-element elementor-element-01482f0 elementor-view-default elementor-widget elementor-widget-icon\" data-id=\"01482f0\" data-element_type=\"widget\" data-widget_type=\"icon.default\">\n\t\t\t\t<div class=\"elementor-widget-container\">\n\t\t\t\t\t<div class=\"elementor-icon-wrapper\">\n\t\t\t<div class=\"elementor-icon\">\n\t\t\t<i aria-hidden=\"true\" class=\"iconnew-vesta icon-new-vestaarrow-long-right\"><\/i>\t\t\t<\/div>\n\t\t<\/div>\n\t\t\t\t<\/div>\n\t\t\t\t<\/div>\n\t\t\t\t<\/div>\n\t\t\t\t\t<\/div>\n\t\t\t\t<\/div>\n\t\t\t\t<\/a>\n\t\t<a class=\"elementor-element elementor-element-1c50af9 e-con-full service-group-containers e-flex e-con e-parent\" data-id=\"1c50af9\" data-element_type=\"container\" href=\"https:\/\/www.vestaconsulting.lt\/en\/services\/sustainable-products\/verification-of-epd-and-lca-studies\/\">\n\t\t\t\t<div class=\"elementor-element elementor-element-23b09a0 elementor-widget elementor-widget-heading\" data-id=\"23b09a0\" data-element_type=\"widget\" data-widget_type=\"heading.default\">\n\t\t\t\t<div class=\"elementor-widget-container\">\n\t\t\t<h1 class=\"elementor-heading-title elementor-size-default\">EPD and LCA study verification<\/h1>\t\t<\/div>\n\t\t\t\t<\/div>\n\t\t<div class=\"elementor-element elementor-element-5cfea4c e-flex e-con-boxed e-con e-parent\" data-id=\"5cfea4c\" data-element_type=\"container\" data-settings=\"{&quot;position&quot;:&quot;absolute&quot;}\">\n\t\t\t\t\t<div class=\"e-con-inner\">\n\t\t<div class=\"elementor-element elementor-element-09f14ae e-con-full testing-container-vesta e-flex e-con e-parent\" data-id=\"09f14ae\" data-element_type=\"container\">\n\t\t\t\t<div class=\"elementor-element elementor-element-eab4037 elementor-widget elementor-widget-text-editor\" data-id=\"eab4037\" data-element_type=\"widget\" data-widget_type=\"text-editor.default\">\n\t\t\t\t<div class=\"elementor-widget-container\">\n\t\t\t\t\t\t\t<p>MORE<\/p>\n\t\t\t\t\t\t<\/div>\n\t\t\t\t<\/div>\n\t\t\t\t<div class=\"elementor-element elementor-element-b274b6a elementor-view-default elementor-widget elementor-widget-icon\" data-id=\"b274b6a\" data-element_type=\"widget\" data-widget_type=\"icon.default\">\n\t\t\t\t<div class=\"elementor-widget-container\">\n\t\t\t\t\t<div class=\"elementor-icon-wrapper\">\n\t\t\t<div class=\"elementor-icon\">\n\t\t\t<i aria-hidden=\"true\" class=\"iconnew-vesta icon-new-vestaarrow-long-right\"><\/i>\t\t\t<\/div>\n\t\t<\/div>\n\t\t\t\t<\/div>\n\t\t\t\t<\/div>\n\t\t\t\t<\/div>\n\t\t\t\t\t<\/div>\n\t\t\t\t<\/div>\n\t\t\t\t<\/a>\n\t\t\t\t<\/div>\n\t\t\t\t\t<\/div>\n\t\t\t\t<\/div>\n\t\t\t\t<\/div>\n\t\t<div class=\"elementor-element elementor-element-39e41fb e-flex e-con-boxed e-con e-parent\" data-id=\"39e41fb\" data-element_type=\"container\">\n\t\t\t\t\t<div class=\"e-con-inner\">\n\t\t\t\t\t<\/div>\n\t\t\t\t<\/div>\n\t\t<div class=\"elementor-element elementor-element-96d34fd testimonials-container e-flex e-con-boxed e-con e-parent\" data-id=\"96d34fd\" data-element_type=\"container\">\n\t\t\t\t\t<div class=\"e-con-inner\">\n\t\t\t\t<div class=\"elementor-element elementor-element-d17c4a3 elementor-widget elementor-widget-heading\" data-id=\"d17c4a3\" data-element_type=\"widget\" data-widget_type=\"heading.default\">\n\t\t\t\t<div class=\"elementor-widget-container\">\n\t\t\t<h1 class=\"elementor-heading-title elementor-size-default\">What our clients say<\/h1>\t\t<\/div>\n\t\t\t\t<\/div>\n\t\t<div class=\"elementor-element elementor-element-c6f5a81 e-con-full e-flex e-con e-parent\" data-id=\"c6f5a81\" data-element_type=\"container\">\n\t\t\t\t<div class=\"elementor-element elementor-element-9520203 elementor-view-default elementor-widget elementor-widget-icon\" data-id=\"9520203\" data-element_type=\"widget\" data-widget_type=\"icon.default\">\n\t\t\t\t<div class=\"elementor-widget-container\">\n\t\t\t\t\t<div class=\"elementor-icon-wrapper\">\n\t\t\t<div class=\"elementor-icon\">\n\t\t\t<i aria-hidden=\"true\" class=\"iconnew-vesta icon-new-vestabubble-vesta\"><\/i>\t\t\t<\/div>\n\t\t<\/div>\n\t\t\t\t<\/div>\n\t\t\t\t<\/div>\n\t\t\t\t<div class=\"elementor-element elementor-element-277df96 elementor-view-default elementor-widget elementor-widget-icon\" data-id=\"277df96\" data-element_type=\"widget\" data-widget_type=\"icon.default\">\n\t\t\t\t<div class=\"elementor-widget-container\">\n\t\t\t\t\t<div class=\"elementor-icon-wrapper\">\n\t\t\t<div class=\"elementor-icon\">\n\t\t\t<i aria-hidden=\"true\" class=\"iconnew-vesta icon-new-vestabubble-vesta\"><\/i>\t\t\t<\/div>\n\t\t<\/div>\n\t\t\t\t<\/div>\n\t\t\t\t<\/div>\n\t\t\t\t<\/div>\n\t\t\t\t<div class=\"elementor-element elementor-element-7744bd0 elementor-testimonial--layout-image_above elementor-testimonial--skin-default elementor-testimonial--align-center elementor-arrows-yes elementor-widget elementor-widget-testimonial-carousel\" data-id=\"7744bd0\" data-element_type=\"widget\" data-settings=\"{&quot;show_arrows&quot;:&quot;yes&quot;,&quot;speed&quot;:500,&quot;loop&quot;:&quot;yes&quot;,&quot;space_between&quot;:{&quot;unit&quot;:&quot;px&quot;,&quot;size&quot;:10,&quot;sizes&quot;:[]},&quot;space_between_tablet&quot;:{&quot;unit&quot;:&quot;px&quot;,&quot;size&quot;:10,&quot;sizes&quot;:[]},&quot;space_between_mobile&quot;:{&quot;unit&quot;:&quot;px&quot;,&quot;size&quot;:10,&quot;sizes&quot;:[]}}\" data-widget_type=\"testimonial-carousel.default\">\n\t\t\t\t<div class=\"elementor-widget-container\">\n\t\t\t<link rel=\"stylesheet\" href=\"https:\/\/www.vestaconsulting.lt\/wp-content\/plugins\/pro-elements\/assets\/css\/widget-carousel.min.css\">\t\t<div class=\"elementor-swiper\">\n\t\t\t<div class=\"elementor-main-swiper swiper\">\n\t\t\t\t<div class=\"swiper-wrapper\">\n\t\t\t\t\t\t\t\t\t\t\t<div class=\"swiper-slide\">\n\t\t\t\t\t\t\t\t\t<div class=\"elementor-testimonial\">\n\t\t\t\t\t\t\t<div class=\"elementor-testimonial__content\">\n\t\t\t\t\t<div class=\"elementor-testimonial__text\">\n\t\t\t\t\t\t<p>Vesta Consulting is a game-changer. This is an amazing service and it has saved me and my business so much time. I plan to use Vesta Consulting for a long time to come. Lorem ipsum dolor sit amet, consectetur adipiscing elit. Integer nec eleifend tortor. Cras vel metus eros. Sed facilisis eu lacus tempus posuere. Nunc eu sodales quam, interdum sodales eros.<\/p>\n\t\t\t\t\t<\/div>\n\t\t\t\t\t<cite class=\"elementor-testimonial__cite\"><span class=\"elementor-testimonial__name\">John Smith<\/span><span class=\"elementor-testimonial__title\">Big company Inc.<\/span><\/cite>\t\t\t\t<\/div>\n\t\t\t\t\t\t<div class=\"elementor-testimonial__footer\">\n\t\t\t\t\t\t\t\t\t\t\t<\/div>\n\t\t<\/div>\n\t\t\t\t\t\t\t\t<\/div>\n\t\t\t\t\t\t\t\t\t\t\t<div class=\"swiper-slide\">\n\t\t\t\t\t\t\t\t\t<div class=\"elementor-testimonial\">\n\t\t\t\t\t\t\t<div class=\"elementor-testimonial__content\">\n\t\t\t\t\t<div class=\"elementor-testimonial__text\">\n\t\t\t\t\t\t<p>Lorem ipsum dolor sit amet, consectetur adipiscing elit. Ut elit tellus, luctus nec ullamcorper mattis, pulvinar dapibus leo.<\/p>\n\t\t\t\t\t<\/div>\n\t\t\t\t\t<cite class=\"elementor-testimonial__cite\"><span class=\"elementor-testimonial__name\">John Doe<\/span><span class=\"elementor-testimonial__title\">CEO<\/span><\/cite>\t\t\t\t<\/div>\n\t\t\t\t\t\t<div class=\"elementor-testimonial__footer\">\n\t\t\t\t\t\t\t\t\t\t\t<\/div>\n\t\t<\/div>\n\t\t\t\t\t\t\t\t<\/div>\n\t\t\t\t\t\t\t\t\t\t\t<div class=\"swiper-slide\">\n\t\t\t\t\t\t\t\t\t<div class=\"elementor-testimonial\">\n\t\t\t\t\t\t\t<div class=\"elementor-testimonial__content\">\n\t\t\t\t\t<div class=\"elementor-testimonial__text\">\n\t\t\t\t\t\t<p>Lorem ipsum dolor sit amet, consectetur adipiscing elit. Ut elit tellus, luctus nec ullamcorper mattis, pulvinar dapibus leo.<\/p>\n\t\t\t\t\t<\/div>\n\t\t\t\t\t<cite class=\"elementor-testimonial__cite\"><span class=\"elementor-testimonial__name\">John Doe<\/span><span class=\"elementor-testimonial__title\">CEO<\/span><\/cite>\t\t\t\t<\/div>\n\t\t\t\t\t\t<div class=\"elementor-testimonial__footer\">\n\t\t\t\t\t\t\t\t\t\t\t<\/div>\n\t\t<\/div>\n\t\t\t\t\t\t\t\t<\/div>\n\t\t\t\t\t\t\t\t\t<\/div>\n\t\t\t\t\t\t\t\t\t\t\t\t\t\t\t\t\t\t\t\t<div class=\"elementor-swiper-button elementor-swiper-button-prev\" role=\"button\" tabindex=\"0\">\n\t\t\t\t\t\t\t<svg aria-hidden=\"true\" class=\"e-font-icon-svg e-eicon-chevron-left\" viewBox=\"0 0 1000 1000\" xmlns=\"http:\/\/www.w3.org\/2000\/svg\"><path d=\"M646 125C629 125 613 133 604 142L308 442C296 454 292 471 292 487 292 504 296 521 308 533L604 854C617 867 629 875 646 875 663 875 679 871 692 858 704 846 713 829 713 812 713 796 708 779 692 767L438 487 692 225C700 217 708 204 708 187 708 171 704 154 692 142 675 129 663 125 646 125Z\"><\/path><\/svg>\t\t\t\t\t\t\t<span class=\"elementor-screen-only\">Previous<\/span>\n\t\t\t\t\t\t<\/div>\n\t\t\t\t\t\t<div class=\"elementor-swiper-button elementor-swiper-button-next\" role=\"button\" tabindex=\"0\">\n\t\t\t\t\t\t\t<svg aria-hidden=\"true\" class=\"e-font-icon-svg e-eicon-chevron-right\" viewBox=\"0 0 1000 1000\" xmlns=\"http:\/\/www.w3.org\/2000\/svg\"><path d=\"M696 533C708 521 713 504 713 487 713 471 708 454 696 446L400 146C388 133 375 125 354 125 338 125 325 129 313 142 300 154 292 171 292 187 292 204 296 221 308 233L563 492 304 771C292 783 288 800 288 817 288 833 296 850 308 863 321 871 338 875 354 875 371 875 388 867 400 854L696 533Z\"><\/path><\/svg>\t\t\t\t\t\t\t<span class=\"elementor-screen-only\">Next<\/span>\n\t\t\t\t\t\t<\/div>\n\t\t\t\t\t\t\t\t\t\t\t\t<\/div>\n\t\t<\/div>\n\t\t\t\t<\/div>\n\t\t\t\t<\/div>\n\t\t\t\t\t<\/div>\n\t\t\t\t<\/div>\n\t\t<div class=\"elementor-element elementor-element-70c9869 e-flex e-con-boxed e-con e-parent\" data-id=\"70c9869\" data-element_type=\"container\">\n\t\t\t\t\t<div class=\"e-con-inner\">\n\t\t\t\t\t<\/div>\n\t\t\t\t<\/div>\n\t\t\t\t<\/div>\n\t\t","protected":false},"excerpt":{"rendered":"<p>EPD | Toote keskkonnadeklaratsioon ROHKEM TEAVET Toodete olelusringi hindamine ROHKEM TEAVET EPD and LCA study verification MORE What our clients say Vesta Consulting is a game-changer. This is an amazing service and it has saved me and my business so much time. I plan to use Vesta Consulting for a long time to come. Lorem [&hellip;]<\/p>\n","protected":false},"author":1,"featured_media":0,"parent":8635,"menu_order":0,"comment_status":"closed","ping_status":"closed","template":"","meta":{"_acf_changed":false,"footnotes":""},"class_list":["post-8914","page","type-page","status-publish","hentry"],"acf":[],"yoast_head":"<!-- This site is optimized with the Yoast SEO plugin v27.2 - https:\/\/yoast.com\/product\/yoast-seo-wordpress\/ -->\n<title>J\u00e4tkusuutlikud tooted - vestaconsulting.ee<\/title>\n<meta name=\"description\" content=\"Suurenda oma toote v\u00e4\u00e4rtust, v\u00e4hendades samal ajal m\u00f5ju keskkonnale: meie meeskond aitab sul valida k\u00f5ige sobivamad lahendused j\u00e4tkusuutlikumaks \u00e4riarenduseks.\" \/>\n<meta name=\"robots\" content=\"index, follow, max-snippet:-1, max-image-preview:large, max-video-preview:-1\" \/>\n<link rel=\"canonical\" href=\"https:\/\/www.vestaconsulting.lt\/paslaugos\/produktu-tvarumas\/\" \/>\n<meta property=\"og:locale\" content=\"et_EE\" \/>\n<meta property=\"og:type\" content=\"article\" \/>\n<meta property=\"og:title\" content=\"J\u00e4tkusuutlikud tooted - vestaconsulting.ee\" \/>\n<meta property=\"og:description\" content=\"Suurenda oma toote v\u00e4\u00e4rtust, v\u00e4hendades samal ajal m\u00f5ju keskkonnale: meie meeskond aitab sul valida k\u00f5ige sobivamad lahendused j\u00e4tkusuutlikumaks \u00e4riarenduseks.\" \/>\n<meta property=\"og:url\" content=\"https:\/\/www.vestaconsulting.lt\/paslaugos\/produktu-tvarumas\/\" \/>\n<meta property=\"og:site_name\" content=\"vestaconsulting.ee\" \/>\n<meta property=\"article:publisher\" content=\"https:\/\/www.facebook.com\/vestaconsulting\" \/>\n<meta property=\"article:modified_time\" content=\"2023-11-28T07:25:16+00:00\" \/>\n<meta name=\"twitter:card\" content=\"summary_large_image\" \/>\n<meta name=\"twitter:label1\" content=\"Est. reading time\" \/>\n\t<meta name=\"twitter:data1\" content=\"1 minut\" \/>\n<script type=\"application\/ld+json\" class=\"yoast-schema-graph\">{\"@context\":\"https:\/\/schema.org\",\"@graph\":[{\"@type\":\"WebPage\",\"@id\":\"https:\/\/www.vestaconsulting.lt\/paslaugos\/produktu-tvarumas\/\",\"url\":\"https:\/\/www.vestaconsulting.lt\/paslaugos\/produktu-tvarumas\/\",\"name\":\"J\u00e4tkusuutlikud tooted - vestaconsulting.ee\",\"isPartOf\":{\"@id\":\"https:\/\/www.vestaconsulting.lt\/#website\"},\"datePublished\":\"2023-08-31T08:19:08+00:00\",\"dateModified\":\"2023-11-28T07:25:16+00:00\",\"description\":\"Suurenda oma toote v\u00e4\u00e4rtust, v\u00e4hendades samal ajal m\u00f5ju keskkonnale: meie meeskond aitab sul valida k\u00f5ige sobivamad lahendused j\u00e4tkusuutlikumaks \u00e4riarenduseks.\",\"breadcrumb\":{\"@id\":\"https:\/\/www.vestaconsulting.lt\/paslaugos\/produktu-tvarumas\/#breadcrumb\"},\"inLanguage\":\"et\",\"potentialAction\":[{\"@type\":\"ReadAction\",\"target\":[\"https:\/\/www.vestaconsulting.lt\/paslaugos\/produktu-tvarumas\/\"]}]},{\"@type\":\"BreadcrumbList\",\"@id\":\"https:\/\/www.vestaconsulting.lt\/paslaugos\/produktu-tvarumas\/#breadcrumb\",\"itemListElement\":[{\"@type\":\"ListItem\",\"position\":1,\"name\":\"Home\",\"item\":\"https:\/\/www.vestaconsulting.lt\/\"},{\"@type\":\"ListItem\",\"position\":2,\"name\":\"Teenused\",\"item\":\"https:\/\/www.vestaconsulting.lt\/et\/teenused\/\"},{\"@type\":\"ListItem\",\"position\":3,\"name\":\"J\u00e4tkusuutlikud tooted\"}]},{\"@type\":\"WebSite\",\"@id\":\"https:\/\/www.vestaconsulting.lt\/#website\",\"url\":\"https:\/\/www.vestaconsulting.lt\/\",\"name\":\"vestaconsulting.ee\",\"description\":\"We turn your focus to the future\",\"potentialAction\":[{\"@type\":\"SearchAction\",\"target\":{\"@type\":\"EntryPoint\",\"urlTemplate\":\"https:\/\/www.vestaconsulting.lt\/?s={search_term_string}\"},\"query-input\":{\"@type\":\"PropertyValueSpecification\",\"valueRequired\":true,\"valueName\":\"search_term_string\"}}],\"inLanguage\":\"et\"}]}<\/script>\n<!-- \/ Yoast SEO plugin. -->","yoast_head_json":{"title":"J\u00e4tkusuutlikud tooted - vestaconsulting.ee","description":"Suurenda oma toote v\u00e4\u00e4rtust, v\u00e4hendades samal ajal m\u00f5ju keskkonnale: meie meeskond aitab sul valida k\u00f5ige sobivamad lahendused j\u00e4tkusuutlikumaks \u00e4riarenduseks.","robots":{"index":"index","follow":"follow","max-snippet":"max-snippet:-1","max-image-preview":"max-image-preview:large","max-video-preview":"max-video-preview:-1"},"canonical":"https:\/\/www.vestaconsulting.lt\/paslaugos\/produktu-tvarumas\/","og_locale":"et_EE","og_type":"article","og_title":"J\u00e4tkusuutlikud tooted - vestaconsulting.ee","og_description":"Suurenda oma toote v\u00e4\u00e4rtust, v\u00e4hendades samal ajal m\u00f5ju keskkonnale: meie meeskond aitab sul valida k\u00f5ige sobivamad lahendused j\u00e4tkusuutlikumaks \u00e4riarenduseks.","og_url":"https:\/\/www.vestaconsulting.lt\/paslaugos\/produktu-tvarumas\/","og_site_name":"vestaconsulting.ee","article_publisher":"https:\/\/www.facebook.com\/vestaconsulting","article_modified_time":"2023-11-28T07:25:16+00:00","twitter_card":"summary_large_image","twitter_misc":{"Est. reading time":"1 minut"},"schema":{"@context":"https:\/\/schema.org","@graph":[{"@type":"WebPage","@id":"https:\/\/www.vestaconsulting.lt\/paslaugos\/produktu-tvarumas\/","url":"https:\/\/www.vestaconsulting.lt\/paslaugos\/produktu-tvarumas\/","name":"J\u00e4tkusuutlikud tooted - vestaconsulting.ee","isPartOf":{"@id":"https:\/\/www.vestaconsulting.lt\/#website"},"datePublished":"2023-08-31T08:19:08+00:00","dateModified":"2023-11-28T07:25:16+00:00","description":"Suurenda oma toote v\u00e4\u00e4rtust, v\u00e4hendades samal ajal m\u00f5ju keskkonnale: meie meeskond aitab sul valida k\u00f5ige sobivamad lahendused j\u00e4tkusuutlikumaks \u00e4riarenduseks.","breadcrumb":{"@id":"https:\/\/www.vestaconsulting.lt\/paslaugos\/produktu-tvarumas\/#breadcrumb"},"inLanguage":"et","potentialAction":[{"@type":"ReadAction","target":["https:\/\/www.vestaconsulting.lt\/paslaugos\/produktu-tvarumas\/"]}]},{"@type":"BreadcrumbList","@id":"https:\/\/www.vestaconsulting.lt\/paslaugos\/produktu-tvarumas\/#breadcrumb","itemListElement":[{"@type":"ListItem","position":1,"name":"Home","item":"https:\/\/www.vestaconsulting.lt\/"},{"@type":"ListItem","position":2,"name":"Teenused","item":"https:\/\/www.vestaconsulting.lt\/et\/teenused\/"},{"@type":"ListItem","position":3,"name":"J\u00e4tkusuutlikud tooted"}]},{"@type":"WebSite","@id":"https:\/\/www.vestaconsulting.lt\/#website","url":"https:\/\/www.vestaconsulting.lt\/","name":"vestaconsulting.ee","description":"We turn your focus to the future","potentialAction":[{"@type":"SearchAction","target":{"@type":"EntryPoint","urlTemplate":"https:\/\/www.vestaconsulting.lt\/?s={search_term_string}"},"query-input":{"@type":"PropertyValueSpecification","valueRequired":true,"valueName":"search_term_string"}}],"inLanguage":"et"}]}},"_links":{"self":[{"href":"https:\/\/www.vestaconsulting.lt\/et\/wp-json\/wp\/v2\/pages\/8914","targetHints":{"allow":["GET"]}}],"collection":[{"href":"https:\/\/www.vestaconsulting.lt\/et\/wp-json\/wp\/v2\/pages"}],"about":[{"href":"https:\/\/www.vestaconsulting.lt\/et\/wp-json\/wp\/v2\/types\/page"}],"author":[{"embeddable":true,"href":"https:\/\/www.vestaconsulting.lt\/et\/wp-json\/wp\/v2\/users\/1"}],"replies":[{"embeddable":true,"href":"https:\/\/www.vestaconsulting.lt\/et\/wp-json\/wp\/v2\/comments?post=8914"}],"version-history":[{"count":5,"href":"https:\/\/www.vestaconsulting.lt\/et\/wp-json\/wp\/v2\/pages\/8914\/revisions"}],"predecessor-version":[{"id":9244,"href":"https:\/\/www.vestaconsulting.lt\/et\/wp-json\/wp\/v2\/pages\/8914\/revisions\/9244"}],"up":[{"embeddable":true,"href":"https:\/\/www.vestaconsulting.lt\/et\/wp-json\/wp\/v2\/pages\/8635"}],"wp:attachment":[{"href":"https:\/\/www.vestaconsulting.lt\/et\/wp-json\/wp\/v2\/media?parent=8914"}],"curies":[{"name":"wp","href":"https:\/\/api.w.org\/{rel}","templated":true}]}}